{"id":37,"date":"2025-12-19T16:55:31","date_gmt":"2025-12-19T15:55:31","guid":{"rendered":"http:\/\/elka-polska.pl\/portfolio\/"},"modified":"2025-12-19T16:59:25","modified_gmt":"2025-12-19T15:59:25","slug":"portfolio","status":"publish","type":"page","link":"https:\/\/elka-polska.pl\/autoinstalator\/wordpressbeginners\/portfolio\/","title":{"rendered":"Portfolio"},"content":{"rendered":"\n<div class=\"wp-block-group alignfull is-style-ext-preset--group--natural-1--section has-background-background-color has-background\" id=\"o-nas\" style=\"margin-top:0;margin-bottom:0;padding-top:var(--wp--preset--spacing--70);padding-bottom:var(--wp--preset--spacing--70)\"><div class=\"wp-block-group__inner-container is-layout-constrained wp-block-group-is-layout-constrained\">\n<div class=\"wp-block-group alignwide is-vertical is-content-justification-center is-layout-flex wp-container-core-group-is-layout-33314992 wp-block-group-is-layout-flex\">\n<div class=\"wp-block-group\"><div class=\"wp-block-group__inner-container is-layout-constrained wp-container-core-group-is-layout-0f719b4e wp-block-group-is-layout-constrained\">\n<h2 class=\"wp-block-heading has-text-align-center\">Innowacyjne rozwi\u0105zania w p\u0142ytach drewnopochodnych od elka Polska<\/h2>\n\n\n\n<p class=\"has-text-align-center\">Prezentujemy nasz\u0105 pasj\u0119 do tworzenia najwy\u017cszej jako\u015bci p\u0142yt drewnopochodnych, kt\u00f3re wspieraj\u0105 rozw\u00f3j budownictwa i przemys\u0142u, \u0142\u0105cz\u0105c tradycj\u0119 z nowoczesno\u015bci\u0105.<\/p>\n<\/div><\/div>\n<\/div>\n\n\n\n<div class=\"wp-block-columns alignwide is-layout-flex wp-container-core-columns-is-layout-9d6595d7 wp-block-columns-is-layout-flex\">\n<div class=\"wp-block-column is-layout-flow wp-block-column-is-layout-flow\">\n<figure class=\"wp-block-image is-style-ext-preset-image-natural-1-image-1--content-bottom is-style-ext-preset--image--natural-1--image-1--content-bottom\"><img loading=\"lazy\" decoding=\"async\" width=\"960\" height=\"1440\" class=\"wp-image-45\" src=\"http:\/\/elka-polska.pl\/wp-content\/uploads\/2025\/12\/4659a44a549092f92907fbe69bc01602e47774a6.jpg\" alt=\"\" style=\"aspect-ratio:3\/4;object-fit:cover\" srcset=\"https:\/\/elka-polska.pl\/autoinstalator\/wordpressbeginners\/wp-content\/uploads\/2025\/12\/4659a44a549092f92907fbe69bc01602e47774a6.jpg 960w, https:\/\/elka-polska.pl\/autoinstalator\/wordpressbeginners\/wp-content\/uploads\/2025\/12\/4659a44a549092f92907fbe69bc01602e47774a6-200x300.jpg 200w, https:\/\/elka-polska.pl\/autoinstalator\/wordpressbeginners\/wp-content\/uploads\/2025\/12\/4659a44a549092f92907fbe69bc01602e47774a6-683x1024.jpg 683w, https:\/\/elka-polska.pl\/autoinstalator\/wordpressbeginners\/wp-content\/uploads\/2025\/12\/4659a44a549092f92907fbe69bc01602e47774a6-768x1152.jpg 768w\" sizes=\"auto, (max-width: 960px) 100vw, 960px\" \/><\/figure>\n<\/div>\n\n\n\n<div class=\"wp-block-column is-layout-flow wp-block-column-is-layout-flow\">\n<figure class=\"wp-block-image is-style-ext-preset-image-natural-1-image-1--content-bottom is-style-ext-preset--image--natural-1--image-1--content-bottom\"><img loading=\"lazy\" decoding=\"async\" width=\"1080\" height=\"1440\" class=\"wp-image-46\" src=\"http:\/\/elka-polska.pl\/wp-content\/uploads\/2025\/12\/3dc6d03c35c95043ef7539824010692fde2e2c29.jpg\" alt=\"\" style=\"aspect-ratio:3\/4;object-fit:cover\" srcset=\"https:\/\/elka-polska.pl\/autoinstalator\/wordpressbeginners\/wp-content\/uploads\/2025\/12\/3dc6d03c35c95043ef7539824010692fde2e2c29.jpg 1080w, https:\/\/elka-polska.pl\/autoinstalator\/wordpressbeginners\/wp-content\/uploads\/2025\/12\/3dc6d03c35c95043ef7539824010692fde2e2c29-225x300.jpg 225w, https:\/\/elka-polska.pl\/autoinstalator\/wordpressbeginners\/wp-content\/uploads\/2025\/12\/3dc6d03c35c95043ef7539824010692fde2e2c29-768x1024.jpg 768w\" sizes=\"auto, (max-width: 1080px) 100vw, 1080px\" \/><\/figure>\n<\/div>\n\n\n\n<div class=\"wp-block-column is-layout-flow wp-block-column-is-layout-flow\">\n<figure class=\"wp-block-image is-style-ext-preset-image-natural-1-image-1--content-bottom is-style-ext-preset--image--natural-1--image-1--content-bottom\"><img loading=\"lazy\" decoding=\"async\" width=\"960\" height=\"1440\" class=\"wp-image-47\" src=\"http:\/\/elka-polska.pl\/wp-content\/uploads\/2025\/12\/eb7a3d32394a036a97d2e4fa6cd4121f378a96f3.jpg\" alt=\"\" style=\"aspect-ratio:3\/4;object-fit:cover\" srcset=\"https:\/\/elka-polska.pl\/autoinstalator\/wordpressbeginners\/wp-content\/uploads\/2025\/12\/eb7a3d32394a036a97d2e4fa6cd4121f378a96f3.jpg 960w, https:\/\/elka-polska.pl\/autoinstalator\/wordpressbeginners\/wp-content\/uploads\/2025\/12\/eb7a3d32394a036a97d2e4fa6cd4121f378a96f3-200x300.jpg 200w, https:\/\/elka-polska.pl\/autoinstalator\/wordpressbeginners\/wp-content\/uploads\/2025\/12\/eb7a3d32394a036a97d2e4fa6cd4121f378a96f3-683x1024.jpg 683w, https:\/\/elka-polska.pl\/autoinstalator\/wordpressbeginners\/wp-content\/uploads\/2025\/12\/eb7a3d32394a036a97d2e4fa6cd4121f378a96f3-768x1152.jpg 768w\" sizes=\"auto, (max-width: 960px) 100vw, 960px\" \/><\/figure>\n<\/div>\n<\/div>\n<\/div><\/div>\n\n<div class=\"wp-block-group alignfull is-style-ext-preset--group--natural-1--section has-tertiary-background-color has-background\" id=\"galeria\" style=\"margin-top:0;margin-bottom:0;padding-top:var(--wp--preset--spacing--70);padding-bottom:var(--wp--preset--spacing--70)\"><div class=\"wp-block-group__inner-container is-layout-constrained wp-block-group-is-layout-constrained\">\n<div class=\"wp-block-group alignwide is-vertical is-layout-flex wp-container-core-group-is-layout-5576de17 wp-block-group-is-layout-flex\">\n<div class=\"wp-block-group\"><div class=\"wp-block-group__inner-container is-layout-constrained wp-block-group-is-layout-constrained\">\n<h2 class=\"wp-block-heading\">Ponad 115 lat do\u015bwiadczenia w produkcji p\u0142yt drewnopochodnych<\/h2>\n\n\n\n<p class=\"has-text-align-left\">Prezentujemy galeri\u0119 naszych innowacyjnych p\u0142yt ESB i P5, podkre\u015blaj\u0105c ich wszechstronne zastosowania w budownictwie i przemy\u015ble.<\/p>\n<\/div><\/div>\n<\/div>\n\n\n\n<div class=\"wp-block-columns alignwide is-layout-flex wp-container-core-columns-is-layout-b0e66f64 wp-block-columns-is-layout-flex\">\n<div class=\"wp-block-column is-vertically-aligned-stretch is-layout-flow wp-block-column-is-layout-flow\" style=\"flex-basis:50%\">\n<div class=\"wp-block-cover is-style-ext-preset--image--natural-1--image-1--content-top\" style=\"padding-top:0;padding-bottom:0;min-height:100%;aspect-ratio:unset;\"><img loading=\"lazy\" decoding=\"async\" width=\"1440\" height=\"961\" class=\"wp-block-cover__image-background wp-image-56\" alt=\"\" src=\"http:\/\/elka-polska.pl\/wp-content\/uploads\/2025\/12\/eab62fa1328b2932afe1250ee1e368fc66857a6f.jpg\" data-object-fit=\"cover\" srcset=\"https:\/\/elka-polska.pl\/autoinstalator\/wordpressbeginners\/wp-content\/uploads\/2025\/12\/eab62fa1328b2932afe1250ee1e368fc66857a6f.jpg 1440w, https:\/\/elka-polska.pl\/autoinstalator\/wordpressbeginners\/wp-content\/uploads\/2025\/12\/eab62fa1328b2932afe1250ee1e368fc66857a6f-300x200.jpg 300w, https:\/\/elka-polska.pl\/autoinstalator\/wordpressbeginners\/wp-content\/uploads\/2025\/12\/eab62fa1328b2932afe1250ee1e368fc66857a6f-1024x683.jpg 1024w, https:\/\/elka-polska.pl\/autoinstalator\/wordpressbeginners\/wp-content\/uploads\/2025\/12\/eab62fa1328b2932afe1250ee1e368fc66857a6f-768x513.jpg 768w\" sizes=\"auto, (max-width: 1440px) 100vw, 1440px\" \/><span aria-hidden=\"true\" class=\"wp-block-cover__background has-background-dim-0 has-background-dim\"><\/span><div class=\"wp-block-cover__inner-container is-layout-flow wp-block-cover-is-layout-flow\">\n<div style=\"height:240px\" aria-hidden=\"true\" class=\"wp-block-spacer\"><\/div>\n<\/div><\/div>\n<\/div>\n\n\n\n<div class=\"wp-block-column is-vertically-aligned-top is-layout-flow wp-block-column-is-layout-flow\">\n<figure class=\"wp-block-image is-style-ext-preset--image--natural-1--image-1--content-top\"><img loading=\"lazy\" decoding=\"async\" width=\"1440\" height=\"960\" class=\"wp-image-57\" src=\"http:\/\/elka-polska.pl\/wp-content\/uploads\/2025\/12\/b1516363433dc0e67f673769f0fdafd93675825e.jpg\" alt=\"\" style=\"aspect-ratio:1;object-fit:cover\" srcset=\"https:\/\/elka-polska.pl\/autoinstalator\/wordpressbeginners\/wp-content\/uploads\/2025\/12\/b1516363433dc0e67f673769f0fdafd93675825e.jpg 1440w, https:\/\/elka-polska.pl\/autoinstalator\/wordpressbeginners\/wp-content\/uploads\/2025\/12\/b1516363433dc0e67f673769f0fdafd93675825e-300x200.jpg 300w, https:\/\/elka-polska.pl\/autoinstalator\/wordpressbeginners\/wp-content\/uploads\/2025\/12\/b1516363433dc0e67f673769f0fdafd93675825e-1024x683.jpg 1024w, https:\/\/elka-polska.pl\/autoinstalator\/wordpressbeginners\/wp-content\/uploads\/2025\/12\/b1516363433dc0e67f673769f0fdafd93675825e-768x512.jpg 768w\" sizes=\"auto, (max-width: 1440px) 100vw, 1440px\" \/><\/figure>\n\n\n\n<figure class=\"wp-block-image is-style-ext-preset--image--natural-1--image-1--content-top\"><img loading=\"lazy\" decoding=\"async\" width=\"1440\" height=\"808\" class=\"wp-image-58\" src=\"http:\/\/elka-polska.pl\/wp-content\/uploads\/2025\/12\/b9395024ddffe3cd3fcbf82619bed9ce79bab54f.jpg\" alt=\"\" style=\"aspect-ratio:1;object-fit:cover\" srcset=\"https:\/\/elka-polska.pl\/autoinstalator\/wordpressbeginners\/wp-content\/uploads\/2025\/12\/b9395024ddffe3cd3fcbf82619bed9ce79bab54f.jpg 1440w, https:\/\/elka-polska.pl\/autoinstalator\/wordpressbeginners\/wp-content\/uploads\/2025\/12\/b9395024ddffe3cd3fcbf82619bed9ce79bab54f-300x168.jpg 300w, https:\/\/elka-polska.pl\/autoinstalator\/wordpressbeginners\/wp-content\/uploads\/2025\/12\/b9395024ddffe3cd3fcbf82619bed9ce79bab54f-1024x575.jpg 1024w, https:\/\/elka-polska.pl\/autoinstalator\/wordpressbeginners\/wp-content\/uploads\/2025\/12\/b9395024ddffe3cd3fcbf82619bed9ce79bab54f-768x431.jpg 768w\" sizes=\"auto, (max-width: 1440px) 100vw, 1440px\" \/><\/figure>\n<\/div>\n\n\n\n<div class=\"wp-block-column is-vertically-aligned-top is-layout-flow wp-block-column-is-layout-flow\">\n<figure class=\"wp-block-image is-style-ext-preset--image--natural-1--image-1--content-top\"><img loading=\"lazy\" decoding=\"async\" width=\"1440\" height=\"636\" class=\"wp-image-59\" src=\"http:\/\/elka-polska.pl\/wp-content\/uploads\/2025\/12\/4040393394fc2352667ff8c033600d2db5591845.jpg\" alt=\"\" style=\"aspect-ratio:1;object-fit:cover\" srcset=\"https:\/\/elka-polska.pl\/autoinstalator\/wordpressbeginners\/wp-content\/uploads\/2025\/12\/4040393394fc2352667ff8c033600d2db5591845.jpg 1440w, https:\/\/elka-polska.pl\/autoinstalator\/wordpressbeginners\/wp-content\/uploads\/2025\/12\/4040393394fc2352667ff8c033600d2db5591845-300x133.jpg 300w, https:\/\/elka-polska.pl\/autoinstalator\/wordpressbeginners\/wp-content\/uploads\/2025\/12\/4040393394fc2352667ff8c033600d2db5591845-1024x452.jpg 1024w, https:\/\/elka-polska.pl\/autoinstalator\/wordpressbeginners\/wp-content\/uploads\/2025\/12\/4040393394fc2352667ff8c033600d2db5591845-768x339.jpg 768w\" sizes=\"auto, (max-width: 1440px) 100vw, 1440px\" \/><\/figure>\n\n\n\n<figure class=\"wp-block-image is-style-ext-preset--image--natural-1--image-1--content-top\"><img loading=\"lazy\" decoding=\"async\" width=\"1280\" height=\"721\" class=\"wp-image-60\" src=\"http:\/\/elka-polska.pl\/wp-content\/uploads\/2025\/12\/0656f72b0a853d61473678e93ebd69f33b32fa51.jpg\" alt=\"\" style=\"aspect-ratio:1;object-fit:cover\" srcset=\"https:\/\/elka-polska.pl\/autoinstalator\/wordpressbeginners\/wp-content\/uploads\/2025\/12\/0656f72b0a853d61473678e93ebd69f33b32fa51.jpg 1280w, https:\/\/elka-polska.pl\/autoinstalator\/wordpressbeginners\/wp-content\/uploads\/2025\/12\/0656f72b0a853d61473678e93ebd69f33b32fa51-300x169.jpg 300w, https:\/\/elka-polska.pl\/autoinstalator\/wordpressbeginners\/wp-content\/uploads\/2025\/12\/0656f72b0a853d61473678e93ebd69f33b32fa51-1024x577.jpg 1024w, https:\/\/elka-polska.pl\/autoinstalator\/wordpressbeginners\/wp-content\/uploads\/2025\/12\/0656f72b0a853d61473678e93ebd69f33b32fa51-768x433.jpg 768w\" sizes=\"auto, (max-width: 1280px) 100vw, 1280px\" \/><\/figure>\n<\/div>\n<\/div>\n<\/div><\/div>\n\n<div class=\"wp-block-group alignfull is-style-ext-preset--group--natural-1--section has-background-background-color has-background\" style=\"margin-top:0;margin-bottom:0;padding-top:var(--wp--preset--spacing--70);padding-bottom:var(--wp--preset--spacing--70)\"><div class=\"wp-block-group__inner-container is-layout-constrained wp-block-group-is-layout-constrained\">\n<div class=\"wp-block-columns alignwide is-layout-flex wp-container-core-columns-is-layout-9d6595d7 wp-block-columns-is-layout-flex\">\n<div class=\"wp-block-column is-layout-flow wp-block-column-is-layout-flow\">\n<div class=\"wp-block-group alignwide is-vertical is-content-justification-left is-layout-flex wp-container-core-group-is-layout-4c2060f1 wp-block-group-is-layout-flex\">\n<div class=\"wp-block-group\"><div class=\"wp-block-group__inner-container is-layout-constrained wp-container-core-group-is-layout-0f719b4e wp-block-group-is-layout-constrained\">\n<h2 class=\"wp-block-heading has-text-align-left\">elka Polska \u2013 ekspert w produkcji p\u0142yt drewnopochodnych<\/h2>\n\n\n\n<p class=\"has-text-align-left\">Zapoznaj si\u0119 z naszym portfolio, gdzie prezentujemy innowacyjne rozwi\u0105zania p\u0142yt drewnopochodnych dla budownictwa i przemys\u0142u.<\/p>\n<\/div><\/div>\n<\/div>\n<\/div>\n\n\n\n<div class=\"wp-block-column is-layout-flow wp-block-column-is-layout-flow\" style=\"flex-basis:210px\"><\/div>\n<\/div>\n\n\n\n<div class=\"wp-block-columns alignwide is-layout-flex wp-container-core-columns-is-layout-9d6595d7 wp-block-columns-is-layout-flex\">\n<div class=\"wp-block-column is-vertically-aligned-stretch is-layout-flow wp-block-column-is-layout-flow\">\n<div class=\"wp-block-group is-style-ext-preset--group--natural-1--item-card-1--align-start has-tertiary-background-color has-background is-vertical is-content-justification-stretch is-layout-flex wp-container-core-group-is-layout-3a789c6a wp-block-group-is-layout-flex\" style=\"min-height:100%;padding-top:0;padding-right:0;padding-bottom:0;padding-left:0\">\n<figure class=\"wp-block-image\"><img loading=\"lazy\" decoding=\"async\" width=\"1440\" height=\"636\" class=\"wp-image-59\" src=\"http:\/\/elka-polska.pl\/wp-content\/uploads\/2025\/12\/4040393394fc2352667ff8c033600d2db5591845.jpg\" alt=\"\" style=\"aspect-ratio:1;object-fit:cover\" srcset=\"https:\/\/elka-polska.pl\/autoinstalator\/wordpressbeginners\/wp-content\/uploads\/2025\/12\/4040393394fc2352667ff8c033600d2db5591845.jpg 1440w, https:\/\/elka-polska.pl\/autoinstalator\/wordpressbeginners\/wp-content\/uploads\/2025\/12\/4040393394fc2352667ff8c033600d2db5591845-300x133.jpg 300w, https:\/\/elka-polska.pl\/autoinstalator\/wordpressbeginners\/wp-content\/uploads\/2025\/12\/4040393394fc2352667ff8c033600d2db5591845-1024x452.jpg 1024w, https:\/\/elka-polska.pl\/autoinstalator\/wordpressbeginners\/wp-content\/uploads\/2025\/12\/4040393394fc2352667ff8c033600d2db5591845-768x339.jpg 768w\" sizes=\"auto, (max-width: 1440px) 100vw, 1440px\" \/><\/figure>\n\n\n\n<div class=\"wp-block-group is-style-default wp-container-content-9cfa9a5a is-vertical is-content-justification-stretch is-layout-flex wp-container-core-group-is-layout-a33676d3 wp-block-group-is-layout-flex\" style=\"margin-top:0;padding-top:1.5rem;padding-right:1.5rem;padding-bottom:1.5rem;padding-left:1.5rem\">\n<div class=\"wp-block-columns is-not-stacked-on-mobile is-layout-flex wp-container-core-columns-is-layout-56f61851 wp-block-columns-is-layout-flex\">\n<div class=\"wp-block-column is-layout-flow wp-block-column-is-layout-flow\" style=\"flex-basis:66.66%\">\n<h3 class=\"wp-block-heading has-medium-font-size\">P\u0142yta ESB<\/h3>\n\n\n\n<p style=\"margin-top:4px;margin-bottom:0;font-size:14px\">Konstrukcyjne p\u0142yty drewnopochodne<\/p>\n<\/div>\n\n\n\n<div class=\"wp-block-column is-layout-flow wp-block-column-is-layout-flow\" style=\"flex-basis:33.33%\">\n<h3 class=\"wp-block-heading has-text-align-right\" style=\"font-size:20px\">99,90 z\u0142<\/h3>\n<\/div>\n<\/div>\n<\/div>\n<\/div>\n<\/div>\n\n\n\n<div class=\"wp-block-column is-vertically-aligned-stretch is-layout-flow wp-block-column-is-layout-flow\">\n<div class=\"wp-block-group is-style-ext-preset--group--natural-1--item-card-1--align-start has-tertiary-background-color has-background is-vertical is-content-justification-stretch is-layout-flex wp-container-core-group-is-layout-3a789c6a wp-block-group-is-layout-flex\" style=\"min-height:100%;padding-top:0;padding-right:0;padding-bottom:0;padding-left:0\">\n<figure class=\"wp-block-image\"><img loading=\"lazy\" decoding=\"async\" width=\"1440\" height=\"960\" class=\"wp-image-61\" src=\"http:\/\/elka-polska.pl\/wp-content\/uploads\/2025\/12\/08230faa0246ba7e6cdf8c0b4a7c80cf5d719c3d.jpg\" alt=\"\" style=\"aspect-ratio:1;object-fit:cover\" srcset=\"https:\/\/elka-polska.pl\/autoinstalator\/wordpressbeginners\/wp-content\/uploads\/2025\/12\/08230faa0246ba7e6cdf8c0b4a7c80cf5d719c3d.jpg 1440w, https:\/\/elka-polska.pl\/autoinstalator\/wordpressbeginners\/wp-content\/uploads\/2025\/12\/08230faa0246ba7e6cdf8c0b4a7c80cf5d719c3d-300x200.jpg 300w, https:\/\/elka-polska.pl\/autoinstalator\/wordpressbeginners\/wp-content\/uploads\/2025\/12\/08230faa0246ba7e6cdf8c0b4a7c80cf5d719c3d-1024x683.jpg 1024w, https:\/\/elka-polska.pl\/autoinstalator\/wordpressbeginners\/wp-content\/uploads\/2025\/12\/08230faa0246ba7e6cdf8c0b4a7c80cf5d719c3d-768x512.jpg 768w\" sizes=\"auto, (max-width: 1440px) 100vw, 1440px\" \/><\/figure>\n\n\n\n<div class=\"wp-block-group is-style-default wp-container-content-9cfa9a5a is-vertical is-content-justification-stretch is-layout-flex wp-container-core-group-is-layout-a33676d3 wp-block-group-is-layout-flex\" style=\"margin-top:0;padding-top:1.5rem;padding-right:1.5rem;padding-bottom:1.5rem;padding-left:1.5rem\">\n<div class=\"wp-block-columns is-not-stacked-on-mobile is-layout-flex wp-container-core-columns-is-layout-56f61851 wp-block-columns-is-layout-flex\">\n<div class=\"wp-block-column is-layout-flow wp-block-column-is-layout-flow\" style=\"flex-basis:66.66%\">\n<h3 class=\"wp-block-heading has-medium-font-size\">P\u0142yta P5<\/h3>\n\n\n\n<p style=\"margin-top:4px;margin-bottom:0;font-size:14px\">P\u0142yty do prefabrykacji<\/p>\n<\/div>\n\n\n\n<div class=\"wp-block-column is-layout-flow wp-block-column-is-layout-flow\" style=\"flex-basis:33.33%\">\n<h3 class=\"wp-block-heading has-text-align-right\" style=\"font-size:20px\">149,90 z\u0142<\/h3>\n<\/div>\n<\/div>\n<\/div>\n<\/div>\n<\/div>\n\n\n\n<div class=\"wp-block-column is-vertically-aligned-stretch is-layout-flow wp-block-column-is-layout-flow\">\n<div class=\"wp-block-group is-style-ext-preset--group--natural-1--item-card-1--align-start has-tertiary-background-color has-background is-vertical is-content-justification-stretch is-layout-flex wp-container-core-group-is-layout-3a789c6a wp-block-group-is-layout-flex\" style=\"min-height:100%;padding-top:0;padding-right:0;padding-bottom:0;padding-left:0\">\n<figure class=\"wp-block-image\"><img loading=\"lazy\" decoding=\"async\" width=\"960\" height=\"1440\" class=\"wp-image-47\" src=\"http:\/\/elka-polska.pl\/wp-content\/uploads\/2025\/12\/eb7a3d32394a036a97d2e4fa6cd4121f378a96f3.jpg\" alt=\"\" style=\"aspect-ratio:1;object-fit:cover\" srcset=\"https:\/\/elka-polska.pl\/autoinstalator\/wordpressbeginners\/wp-content\/uploads\/2025\/12\/eb7a3d32394a036a97d2e4fa6cd4121f378a96f3.jpg 960w, https:\/\/elka-polska.pl\/autoinstalator\/wordpressbeginners\/wp-content\/uploads\/2025\/12\/eb7a3d32394a036a97d2e4fa6cd4121f378a96f3-200x300.jpg 200w, https:\/\/elka-polska.pl\/autoinstalator\/wordpressbeginners\/wp-content\/uploads\/2025\/12\/eb7a3d32394a036a97d2e4fa6cd4121f378a96f3-683x1024.jpg 683w, https:\/\/elka-polska.pl\/autoinstalator\/wordpressbeginners\/wp-content\/uploads\/2025\/12\/eb7a3d32394a036a97d2e4fa6cd4121f378a96f3-768x1152.jpg 768w\" sizes=\"auto, (max-width: 960px) 100vw, 960px\" \/><\/figure>\n\n\n\n<div class=\"wp-block-group is-style-default wp-container-content-9cfa9a5a is-vertical is-content-justification-stretch is-layout-flex wp-container-core-group-is-layout-52aaa6b1 wp-block-group-is-layout-flex\" style=\"margin-top:0;padding-top:1.5rem;padding-right:1.5rem;padding-bottom:1.5rem;padding-left:1.5rem\">\n<div class=\"wp-block-columns is-not-stacked-on-mobile is-layout-flex wp-container-core-columns-is-layout-56f61851 wp-block-columns-is-layout-flex\">\n<div class=\"wp-block-column is-layout-flow wp-block-column-is-layout-flow\" style=\"flex-basis:66.66%\">\n<h3 class=\"wp-block-heading has-medium-font-size\">P\u0142yta OSB<\/h3>\n\n\n\n<p style=\"margin-top:4px;margin-bottom:0;font-size:14px\">P\u0142yty specjalistyczne<\/p>\n<\/div>\n\n\n\n<div class=\"wp-block-column is-layout-flow wp-block-column-is-layout-flow\" style=\"flex-basis:33.33%\">\n<h3 class=\"wp-block-heading has-text-align-right\" style=\"font-size:20px\">179,90 z\u0142<\/h3>\n<\/div>\n<\/div>\n<\/div>\n<\/div>\n<\/div>\n<\/div>\n<\/div><\/div>\n","protected":false},"excerpt":{"rendered":"<p>Innowacyjne rozwi\u0105zania w p\u0142ytach drewnopochodnych od elka Polska Prezentujemy nasz\u0105 pasj\u0119 do tworzenia najwy\u017cszej jako\u015bci p\u0142yt drewnopochodnych, kt\u00f3re wspieraj\u0105 rozw\u00f3j budownictwa i przemys\u0142u, \u0142\u0105cz\u0105c tradycj\u0119 z nowoczesno\u015bci\u0105. Ponad 115 lat do\u015bwiadczenia w produkcji p\u0142yt drewnopochodnych Prezentujemy galeri\u0119 naszych innowacyjnych p\u0142yt ESB i P5, podkre\u015blaj\u0105c ich wszechstronne zastosowania w budownictwie i przemy\u015ble. elka Polska \u2013 ekspert [&hellip;]<\/p>\n","protected":false},"author":1,"featured_media":0,"parent":0,"menu_order":0,"comment_status":"closed","ping_status":"closed","template":"page-with-title","meta":{"_uag_custom_page_level_css":"","footnotes":""},"class_list":["post-37","page","type-page","status-publish","hentry"],"aioseo_notices":[],"uagb_featured_image_src":{"full":false,"thumbnail":false,"medium":false,"medium_large":false,"large":false,"1536x1536":false,"2048x2048":false},"uagb_author_info":{"display_name":"admin","author_link":"https:\/\/elka-polska.pl\/autoinstalator\/wordpressbeginners\/author\/admin\/"},"uagb_comment_info":0,"uagb_excerpt":"Innowacyjne rozwi\u0105zania w p\u0142ytach drewnopochodnych od elka Polska Prezentujemy nasz\u0105 pasj\u0119 do tworzenia najwy\u017cszej jako\u015bci p\u0142yt drewnopochodnych, kt\u00f3re wspieraj\u0105 rozw\u00f3j budownictwa i przemys\u0142u, \u0142\u0105cz\u0105c tradycj\u0119 z nowoczesno\u015bci\u0105. Ponad 115 lat do\u015bwiadczenia w produkcji p\u0142yt drewnopochodnych Prezentujemy galeri\u0119 naszych innowacyjnych p\u0142yt ESB i P5, podkre\u015blaj\u0105c ich wszechstronne zastosowania w budownictwie i przemy\u015ble. elka Polska \u2013 ekspert&hellip;","_links":{"self":[{"href":"https:\/\/elka-polska.pl\/autoinstalator\/wordpressbeginners\/wp-json\/wp\/v2\/pages\/37","targetHints":{"allow":["GET"]}}],"collection":[{"href":"https:\/\/elka-polska.pl\/autoinstalator\/wordpressbeginners\/wp-json\/wp\/v2\/pages"}],"about":[{"href":"https:\/\/elka-polska.pl\/autoinstalator\/wordpressbeginners\/wp-json\/wp\/v2\/types\/page"}],"author":[{"embeddable":true,"href":"https:\/\/elka-polska.pl\/autoinstalator\/wordpressbeginners\/wp-json\/wp\/v2\/users\/1"}],"replies":[{"embeddable":true,"href":"https:\/\/elka-polska.pl\/autoinstalator\/wordpressbeginners\/wp-json\/wp\/v2\/comments?post=37"}],"version-history":[{"count":1,"href":"https:\/\/elka-polska.pl\/autoinstalator\/wordpressbeginners\/wp-json\/wp\/v2\/pages\/37\/revisions"}],"predecessor-version":[{"id":62,"href":"https:\/\/elka-polska.pl\/autoinstalator\/wordpressbeginners\/wp-json\/wp\/v2\/pages\/37\/revisions\/62"}],"wp:attachment":[{"href":"https:\/\/elka-polska.pl\/autoinstalator\/wordpressbeginners\/wp-json\/wp\/v2\/media?parent=37"}],"curies":[{"name":"wp","href":"https:\/\/api.w.org\/{rel}","templated":true}]}}